{"id":156,"date":"2017-01-11T21:42:51","date_gmt":"2017-01-11T20:42:51","guid":{"rendered":"http:\/\/boddenstyle.de\/hauer_werbung\/wordpress\/?page_id=156"},"modified":"2017-01-20T14:53:39","modified_gmt":"2017-01-20T13:53:39","slug":"druckprodukte","status":"publish","type":"page","link":"https:\/\/www.hauer-werbung.de\/index.php\/druckprodukte\/","title":{"rendered":"Druckprodukte"},"content":{"rendered":"<p>Wir bringen Ihre Idee zu Papier.<\/p>\n<p><img loading=\"lazy\" decoding=\"async\" class=\"alignright wp-image-261 size-medium\" src=\"http:\/\/boddenstyle.de\/hauer_werbung\/wordpress\/wp-content\/uploads\/2017\/01\/P1194155-300x200.jpg\" width=\"300\" height=\"200\" srcset=\"https:\/\/www.hauer-werbung.de\/wp-content\/uploads\/2017\/01\/P1194155-300x200.jpg 300w, https:\/\/www.hauer-werbung.de\/wp-content\/uploads\/2017\/01\/P1194155-350x233.jpg 350w, https:\/\/www.hauer-werbung.de\/wp-content\/uploads\/2017\/01\/P1194155-768x512.jpg 768w, https:\/\/www.hauer-werbung.de\/wp-content\/uploads\/2017\/01\/P1194155.jpg 800w\" sizes=\"auto, (max-width: 300px) 100vw, 300px\" \/><\/p>\n<p>Papier, Farbe und Verarbeitung. Bei der Auswahl des passenden Dreiklangs stehen wir Ihnen mit unserer langj\u00e4hrigen Erfahrung zur Seite, damit Sie am Ende nicht nur Ihr perfektes Produkt in den H\u00e4nden halten, sondern das Produkt erfolgsbestimmend wird.<\/p>\n<p>Um die Qualit\u00e4tsanspr\u00fcche unserer Kunden sicher zu stellen, arbeiten wir seit Jahren mit den gleichen Druckereien &amp; Dienstleistern zusammen. So kann das Corporate Design Ihres Unternehmens gewahrt werden.<\/p>\n<p>Vom Sonderwunsch bis zur Kleinstauflage k\u00f6nnen wir fast alles m\u00f6glich machen.<\/p>\n<p>Wir bieten u.a. folgende Leistungen an:<\/p>\n<ul>\n<li>Flyer &amp; Brosch\u00fcren<\/li>\n<li>Kopfb\u00f6gen<\/li>\n<li>SD-S\u00e4tze<\/li>\n<li>Visitenkarten<\/li>\n<li>Gru\u00df- &amp; Einladungskarten<\/li>\n<li>Postkarten<\/li>\n<li>Aufkleber &amp; Etiketten<\/li>\n<li>Kalender<\/li>\n<li>Bl\u00f6cke<\/li>\n<\/ul>\n","protected":false},"excerpt":{"rendered":"<p>Wir bringen Ihre Idee zu Papier. Papier, Farbe und Verarbeitung. Bei der Auswahl des passenden Dreiklangs stehen wir Ihnen mit unserer langj\u00e4hrigen Erfahrung zur Seite, damit Sie am Ende nicht nur Ihr perfektes Produkt in den H\u00e4nden halten, sondern das Produkt erfolgsbestimmend wird. Um die Qualit\u00e4tsanspr\u00fcche unserer Kunden sicher zu stellen, arbeiten wir seit Jahren &hellip; <\/p>\n<p class=\"link-more\"><a href=\"https:\/\/www.hauer-werbung.de\/index.php\/druckprodukte\/\" class=\"more-link\"><span class=\"screen-reader-text\">\u201eDruckprodukte\u201c <\/span>weiterlesen<\/a><\/p>\n","protected":false},"author":1,"featured_media":0,"parent":0,"menu_order":0,"comment_status":"closed","ping_status":"closed","template":"","meta":{"ngg_post_thumbnail":0,"footnotes":""},"class_list":["post-156","page","type-page","status-publish","hentry"],"yoast_head":"<!-- This site is optimized with the Yoast SEO plugin v27.3 - https:\/\/yoast.com\/product\/yoast-seo-wordpress\/ -->\n<title>Druckprodukte - Hauer-Werbung<\/title>\n<meta name=\"robots\" content=\"index, follow, max-snippet:-1, max-image-preview:large, max-video-preview:-1\" \/>\n<link rel=\"canonical\" href=\"https:\/\/www.hauer-werbung.de\/index.php\/druckprodukte\/\" \/>\n<meta property=\"og:locale\" content=\"de_DE\" \/>\n<meta property=\"og:type\" content=\"article\" \/>\n<meta property=\"og:title\" content=\"Druckprodukte - Hauer-Werbung\" \/>\n<meta property=\"og:description\" content=\"Wir bringen Ihre Idee zu Papier. Papier, Farbe und Verarbeitung. Bei der Auswahl des passenden Dreiklangs stehen wir Ihnen mit unserer langj\u00e4hrigen Erfahrung zur Seite, damit Sie am Ende nicht nur Ihr perfektes Produkt in den H\u00e4nden halten, sondern das Produkt erfolgsbestimmend wird. Um die Qualit\u00e4tsanspr\u00fcche unserer Kunden sicher zu stellen, arbeiten wir seit Jahren &hellip; \u201eDruckprodukte\u201c weiterlesen\" \/>\n<meta property=\"og:url\" content=\"https:\/\/www.hauer-werbung.de\/index.php\/druckprodukte\/\" \/>\n<meta property=\"og:site_name\" content=\"Hauer-Werbung\" \/>\n<meta property=\"article:modified_time\" content=\"2017-01-20T13:53:39+00:00\" \/>\n<meta property=\"og:image\" content=\"http:\/\/boddenstyle.de\/hauer_werbung\/wordpress\/wp-content\/uploads\/2017\/01\/P1194155-300x200.jpg\" \/>\n<meta name=\"twitter:card\" content=\"summary_large_image\" \/>\n<meta name=\"twitter:label1\" content=\"Gesch\u00e4tzte Lesezeit\" \/>\n\t<meta name=\"twitter:data1\" content=\"1\u00a0Minute\" \/>\n<script type=\"application\/ld+json\" class=\"yoast-schema-graph\">{\"@context\":\"https:\\\/\\\/schema.org\",\"@graph\":[{\"@type\":\"WebPage\",\"@id\":\"https:\\\/\\\/www.hauer-werbung.de\\\/index.php\\\/druckprodukte\\\/\",\"url\":\"https:\\\/\\\/www.hauer-werbung.de\\\/index.php\\\/druckprodukte\\\/\",\"name\":\"Druckprodukte - Hauer-Werbung\",\"isPartOf\":{\"@id\":\"https:\\\/\\\/www.hauer-werbung.de\\\/#website\"},\"primaryImageOfPage\":{\"@id\":\"https:\\\/\\\/www.hauer-werbung.de\\\/index.php\\\/druckprodukte\\\/#primaryimage\"},\"image\":{\"@id\":\"https:\\\/\\\/www.hauer-werbung.de\\\/index.php\\\/druckprodukte\\\/#primaryimage\"},\"thumbnailUrl\":\"http:\\\/\\\/boddenstyle.de\\\/hauer_werbung\\\/wordpress\\\/wp-content\\\/uploads\\\/2017\\\/01\\\/P1194155-300x200.jpg\",\"datePublished\":\"2017-01-11T20:42:51+00:00\",\"dateModified\":\"2017-01-20T13:53:39+00:00\",\"breadcrumb\":{\"@id\":\"https:\\\/\\\/www.hauer-werbung.de\\\/index.php\\\/druckprodukte\\\/#breadcrumb\"},\"inLanguage\":\"de\",\"potentialAction\":[{\"@type\":\"ReadAction\",\"target\":[\"https:\\\/\\\/www.hauer-werbung.de\\\/index.php\\\/druckprodukte\\\/\"]}]},{\"@type\":\"ImageObject\",\"inLanguage\":\"de\",\"@id\":\"https:\\\/\\\/www.hauer-werbung.de\\\/index.php\\\/druckprodukte\\\/#primaryimage\",\"url\":\"http:\\\/\\\/boddenstyle.de\\\/hauer_werbung\\\/wordpress\\\/wp-content\\\/uploads\\\/2017\\\/01\\\/P1194155-300x200.jpg\",\"contentUrl\":\"http:\\\/\\\/boddenstyle.de\\\/hauer_werbung\\\/wordpress\\\/wp-content\\\/uploads\\\/2017\\\/01\\\/P1194155-300x200.jpg\"},{\"@type\":\"BreadcrumbList\",\"@id\":\"https:\\\/\\\/www.hauer-werbung.de\\\/index.php\\\/druckprodukte\\\/#breadcrumb\",\"itemListElement\":[{\"@type\":\"ListItem\",\"position\":1,\"name\":\"Startseite\",\"item\":\"https:\\\/\\\/www.hauer-werbung.de\\\/\"},{\"@type\":\"ListItem\",\"position\":2,\"name\":\"Druckprodukte\"}]},{\"@type\":\"WebSite\",\"@id\":\"https:\\\/\\\/www.hauer-werbung.de\\\/#website\",\"url\":\"https:\\\/\\\/www.hauer-werbung.de\\\/\",\"name\":\"Hauer-Werbung\",\"description\":\"Werbung vom Fischland\",\"publisher\":{\"@id\":\"https:\\\/\\\/www.hauer-werbung.de\\\/#organization\"},\"potentialAction\":[{\"@type\":\"SearchAction\",\"target\":{\"@type\":\"EntryPoint\",\"urlTemplate\":\"https:\\\/\\\/www.hauer-werbung.de\\\/?s={search_term_string}\"},\"query-input\":{\"@type\":\"PropertyValueSpecification\",\"valueRequired\":true,\"valueName\":\"search_term_string\"}}],\"inLanguage\":\"de\"},{\"@type\":\"Organization\",\"@id\":\"https:\\\/\\\/www.hauer-werbung.de\\\/#organization\",\"name\":\"Hauer-Werbung\",\"url\":\"https:\\\/\\\/www.hauer-werbung.de\\\/\",\"logo\":{\"@type\":\"ImageObject\",\"inLanguage\":\"de\",\"@id\":\"https:\\\/\\\/www.hauer-werbung.de\\\/#\\\/schema\\\/logo\\\/image\\\/\",\"url\":\"https:\\\/\\\/www.hauer-werbung.de\\\/wp-content\\\/uploads\\\/2017\\\/01\\\/hauer-logo-farb.gif\",\"contentUrl\":\"https:\\\/\\\/www.hauer-werbung.de\\\/wp-content\\\/uploads\\\/2017\\\/01\\\/hauer-logo-farb.gif\",\"width\":1000,\"height\":285,\"caption\":\"Hauer-Werbung\"},\"image\":{\"@id\":\"https:\\\/\\\/www.hauer-werbung.de\\\/#\\\/schema\\\/logo\\\/image\\\/\"}}]}<\/script>\n<!-- \/ Yoast SEO plugin. -->","yoast_head_json":{"title":"Druckprodukte - Hauer-Werbung","robots":{"index":"index","follow":"follow","max-snippet":"max-snippet:-1","max-image-preview":"max-image-preview:large","max-video-preview":"max-video-preview:-1"},"canonical":"https:\/\/www.hauer-werbung.de\/index.php\/druckprodukte\/","og_locale":"de_DE","og_type":"article","og_title":"Druckprodukte - Hauer-Werbung","og_description":"Wir bringen Ihre Idee zu Papier. Papier, Farbe und Verarbeitung. Bei der Auswahl des passenden Dreiklangs stehen wir Ihnen mit unserer langj\u00e4hrigen Erfahrung zur Seite, damit Sie am Ende nicht nur Ihr perfektes Produkt in den H\u00e4nden halten, sondern das Produkt erfolgsbestimmend wird. Um die Qualit\u00e4tsanspr\u00fcche unserer Kunden sicher zu stellen, arbeiten wir seit Jahren &hellip; \u201eDruckprodukte\u201c weiterlesen","og_url":"https:\/\/www.hauer-werbung.de\/index.php\/druckprodukte\/","og_site_name":"Hauer-Werbung","article_modified_time":"2017-01-20T13:53:39+00:00","og_image":[{"url":"http:\/\/boddenstyle.de\/hauer_werbung\/wordpress\/wp-content\/uploads\/2017\/01\/P1194155-300x200.jpg","type":"","width":"","height":""}],"twitter_card":"summary_large_image","twitter_misc":{"Gesch\u00e4tzte Lesezeit":"1\u00a0Minute"},"schema":{"@context":"https:\/\/schema.org","@graph":[{"@type":"WebPage","@id":"https:\/\/www.hauer-werbung.de\/index.php\/druckprodukte\/","url":"https:\/\/www.hauer-werbung.de\/index.php\/druckprodukte\/","name":"Druckprodukte - Hauer-Werbung","isPartOf":{"@id":"https:\/\/www.hauer-werbung.de\/#website"},"primaryImageOfPage":{"@id":"https:\/\/www.hauer-werbung.de\/index.php\/druckprodukte\/#primaryimage"},"image":{"@id":"https:\/\/www.hauer-werbung.de\/index.php\/druckprodukte\/#primaryimage"},"thumbnailUrl":"http:\/\/boddenstyle.de\/hauer_werbung\/wordpress\/wp-content\/uploads\/2017\/01\/P1194155-300x200.jpg","datePublished":"2017-01-11T20:42:51+00:00","dateModified":"2017-01-20T13:53:39+00:00","breadcrumb":{"@id":"https:\/\/www.hauer-werbung.de\/index.php\/druckprodukte\/#breadcrumb"},"inLanguage":"de","potentialAction":[{"@type":"ReadAction","target":["https:\/\/www.hauer-werbung.de\/index.php\/druckprodukte\/"]}]},{"@type":"ImageObject","inLanguage":"de","@id":"https:\/\/www.hauer-werbung.de\/index.php\/druckprodukte\/#primaryimage","url":"http:\/\/boddenstyle.de\/hauer_werbung\/wordpress\/wp-content\/uploads\/2017\/01\/P1194155-300x200.jpg","contentUrl":"http:\/\/boddenstyle.de\/hauer_werbung\/wordpress\/wp-content\/uploads\/2017\/01\/P1194155-300x200.jpg"},{"@type":"BreadcrumbList","@id":"https:\/\/www.hauer-werbung.de\/index.php\/druckprodukte\/#breadcrumb","itemListElement":[{"@type":"ListItem","position":1,"name":"Startseite","item":"https:\/\/www.hauer-werbung.de\/"},{"@type":"ListItem","position":2,"name":"Druckprodukte"}]},{"@type":"WebSite","@id":"https:\/\/www.hauer-werbung.de\/#website","url":"https:\/\/www.hauer-werbung.de\/","name":"Hauer-Werbung","description":"Werbung vom Fischland","publisher":{"@id":"https:\/\/www.hauer-werbung.de\/#organization"},"potentialAction":[{"@type":"SearchAction","target":{"@type":"EntryPoint","urlTemplate":"https:\/\/www.hauer-werbung.de\/?s={search_term_string}"},"query-input":{"@type":"PropertyValueSpecification","valueRequired":true,"valueName":"search_term_string"}}],"inLanguage":"de"},{"@type":"Organization","@id":"https:\/\/www.hauer-werbung.de\/#organization","name":"Hauer-Werbung","url":"https:\/\/www.hauer-werbung.de\/","logo":{"@type":"ImageObject","inLanguage":"de","@id":"https:\/\/www.hauer-werbung.de\/#\/schema\/logo\/image\/","url":"https:\/\/www.hauer-werbung.de\/wp-content\/uploads\/2017\/01\/hauer-logo-farb.gif","contentUrl":"https:\/\/www.hauer-werbung.de\/wp-content\/uploads\/2017\/01\/hauer-logo-farb.gif","width":1000,"height":285,"caption":"Hauer-Werbung"},"image":{"@id":"https:\/\/www.hauer-werbung.de\/#\/schema\/logo\/image\/"}}]}},"_links":{"self":[{"href":"https:\/\/www.hauer-werbung.de\/index.php\/wp-json\/wp\/v2\/pages\/156","targetHints":{"allow":["GET"]}}],"collection":[{"href":"https:\/\/www.hauer-werbung.de\/index.php\/wp-json\/wp\/v2\/pages"}],"about":[{"href":"https:\/\/www.hauer-werbung.de\/index.php\/wp-json\/wp\/v2\/types\/page"}],"author":[{"embeddable":true,"href":"https:\/\/www.hauer-werbung.de\/index.php\/wp-json\/wp\/v2\/users\/1"}],"replies":[{"embeddable":true,"href":"https:\/\/www.hauer-werbung.de\/index.php\/wp-json\/wp\/v2\/comments?post=156"}],"version-history":[{"count":6,"href":"https:\/\/www.hauer-werbung.de\/index.php\/wp-json\/wp\/v2\/pages\/156\/revisions"}],"predecessor-version":[{"id":277,"href":"https:\/\/www.hauer-werbung.de\/index.php\/wp-json\/wp\/v2\/pages\/156\/revisions\/277"}],"wp:attachment":[{"href":"https:\/\/www.hauer-werbung.de\/index.php\/wp-json\/wp\/v2\/media?parent=156"}],"curies":[{"name":"wp","href":"https:\/\/api.w.org\/{rel}","templated":true}]}}