{"id":159,"date":"2017-01-11T21:42:51","date_gmt":"2017-01-11T20:42:51","guid":{"rendered":"http:\/\/boddenstyle.de\/hauer_werbung\/wordpress\/?page_id=159"},"modified":"2017-01-11T22:26:39","modified_gmt":"2017-01-11T21:26:39","slug":"aussen-und-lichtwerbung","status":"publish","type":"page","link":"https:\/\/www.hauer-werbung.de\/index.php\/aussen-und-lichtwerbung\/","title":{"rendered":"Au\u00dfen- und Lichtwerbung"},"content":{"rendered":"<p>Wir sorgen f\u00fcr den richtigen Blickfang an ihrem Objekt.<\/p>\n<p>Mit Hilfe von gro\u00dfformatigen Digitaldruck k\u00f6nnen wir fast alles umsetzen, was Ihr Herz begehrt.<\/p>\n<p>Dabei kommen K\u00f6macell, Dibond, Edelstahl oder Acrylglas zum Einsatz f\u00fcr die Herstellung von Schildern oder Fr\u00e4sbuchstaben.<\/p>\n<p>Zus\u00e4tzlich kann diese durch konventionelle Leuchtstoffr\u00f6hren oder umweltfreundliche LED&#8217;s gleichm\u00e4\u00dfig ausgeleuchtet werden.<\/p>\n","protected":false},"excerpt":{"rendered":"<p>Wir sorgen f\u00fcr den richtigen Blickfang an ihrem Objekt. Mit Hilfe von gro\u00dfformatigen Digitaldruck k\u00f6nnen wir fast alles umsetzen, was Ihr Herz begehrt. Dabei kommen K\u00f6macell, Dibond, Edelstahl oder Acrylglas zum Einsatz f\u00fcr die Herstellung von Schildern oder Fr\u00e4sbuchstaben. Zus\u00e4tzlich kann diese durch konventionelle Leuchtstoffr\u00f6hren oder umweltfreundliche LED&#8217;s gleichm\u00e4\u00dfig ausgeleuchtet werden.<\/p>\n","protected":false},"author":1,"featured_media":0,"parent":0,"menu_order":0,"comment_status":"closed","ping_status":"closed","template":"","meta":{"ngg_post_thumbnail":0,"footnotes":""},"class_list":["post-159","page","type-page","status-publish","hentry"],"yoast_head":"<!-- This site is optimized with the Yoast SEO plugin v27.5 - https:\/\/yoast.com\/product\/yoast-seo-wordpress\/ -->\n<title>Au\u00dfen- und Lichtwerbung - Hauer-Werbung<\/title>\n<meta name=\"robots\" content=\"index, follow, max-snippet:-1, max-image-preview:large, max-video-preview:-1\" \/>\n<link rel=\"canonical\" href=\"https:\/\/www.hauer-werbung.de\/index.php\/aussen-und-lichtwerbung\/\" \/>\n<meta property=\"og:locale\" content=\"de_DE\" \/>\n<meta property=\"og:type\" content=\"article\" \/>\n<meta property=\"og:title\" content=\"Au\u00dfen- und Lichtwerbung - Hauer-Werbung\" \/>\n<meta property=\"og:description\" content=\"Wir sorgen f\u00fcr den richtigen Blickfang an ihrem Objekt. Mit Hilfe von gro\u00dfformatigen Digitaldruck k\u00f6nnen wir fast alles umsetzen, was Ihr Herz begehrt. Dabei kommen K\u00f6macell, Dibond, Edelstahl oder Acrylglas zum Einsatz f\u00fcr die Herstellung von Schildern oder Fr\u00e4sbuchstaben. Zus\u00e4tzlich kann diese durch konventionelle Leuchtstoffr\u00f6hren oder umweltfreundliche LED&#8217;s gleichm\u00e4\u00dfig ausgeleuchtet werden.\" \/>\n<meta property=\"og:url\" content=\"https:\/\/www.hauer-werbung.de\/index.php\/aussen-und-lichtwerbung\/\" \/>\n<meta property=\"og:site_name\" content=\"Hauer-Werbung\" \/>\n<meta property=\"article:modified_time\" content=\"2017-01-11T21:26:39+00:00\" \/>\n<meta name=\"twitter:card\" content=\"summary_large_image\" \/>\n<script type=\"application\/ld+json\" class=\"yoast-schema-graph\">{\"@context\":\"https:\\\/\\\/schema.org\",\"@graph\":[{\"@type\":\"WebPage\",\"@id\":\"https:\\\/\\\/www.hauer-werbung.de\\\/index.php\\\/aussen-und-lichtwerbung\\\/\",\"url\":\"https:\\\/\\\/www.hauer-werbung.de\\\/index.php\\\/aussen-und-lichtwerbung\\\/\",\"name\":\"Au\u00dfen- und Lichtwerbung - Hauer-Werbung\",\"isPartOf\":{\"@id\":\"https:\\\/\\\/www.hauer-werbung.de\\\/#website\"},\"datePublished\":\"2017-01-11T20:42:51+00:00\",\"dateModified\":\"2017-01-11T21:26:39+00:00\",\"breadcrumb\":{\"@id\":\"https:\\\/\\\/www.hauer-werbung.de\\\/index.php\\\/aussen-und-lichtwerbung\\\/#breadcrumb\"},\"inLanguage\":\"de\",\"potentialAction\":[{\"@type\":\"ReadAction\",\"target\":[\"https:\\\/\\\/www.hauer-werbung.de\\\/index.php\\\/aussen-und-lichtwerbung\\\/\"]}]},{\"@type\":\"BreadcrumbList\",\"@id\":\"https:\\\/\\\/www.hauer-werbung.de\\\/index.php\\\/aussen-und-lichtwerbung\\\/#breadcrumb\",\"itemListElement\":[{\"@type\":\"ListItem\",\"position\":1,\"name\":\"Startseite\",\"item\":\"https:\\\/\\\/www.hauer-werbung.de\\\/\"},{\"@type\":\"ListItem\",\"position\":2,\"name\":\"Au\u00dfen- und Lichtwerbung\"}]},{\"@type\":\"WebSite\",\"@id\":\"https:\\\/\\\/www.hauer-werbung.de\\\/#website\",\"url\":\"https:\\\/\\\/www.hauer-werbung.de\\\/\",\"name\":\"Hauer-Werbung\",\"description\":\"Werbung vom Fischland\",\"publisher\":{\"@id\":\"https:\\\/\\\/www.hauer-werbung.de\\\/#organization\"},\"potentialAction\":[{\"@type\":\"SearchAction\",\"target\":{\"@type\":\"EntryPoint\",\"urlTemplate\":\"https:\\\/\\\/www.hauer-werbung.de\\\/?s={search_term_string}\"},\"query-input\":{\"@type\":\"PropertyValueSpecification\",\"valueRequired\":true,\"valueName\":\"search_term_string\"}}],\"inLanguage\":\"de\"},{\"@type\":\"Organization\",\"@id\":\"https:\\\/\\\/www.hauer-werbung.de\\\/#organization\",\"name\":\"Hauer-Werbung\",\"url\":\"https:\\\/\\\/www.hauer-werbung.de\\\/\",\"logo\":{\"@type\":\"ImageObject\",\"inLanguage\":\"de\",\"@id\":\"https:\\\/\\\/www.hauer-werbung.de\\\/#\\\/schema\\\/logo\\\/image\\\/\",\"url\":\"https:\\\/\\\/www.hauer-werbung.de\\\/wp-content\\\/uploads\\\/2017\\\/01\\\/hauer-logo-farb.gif\",\"contentUrl\":\"https:\\\/\\\/www.hauer-werbung.de\\\/wp-content\\\/uploads\\\/2017\\\/01\\\/hauer-logo-farb.gif\",\"width\":1000,\"height\":285,\"caption\":\"Hauer-Werbung\"},\"image\":{\"@id\":\"https:\\\/\\\/www.hauer-werbung.de\\\/#\\\/schema\\\/logo\\\/image\\\/\"}}]}<\/script>\n<!-- \/ Yoast SEO plugin. -->","yoast_head_json":{"title":"Au\u00dfen- und Lichtwerbung - Hauer-Werbung","robots":{"index":"index","follow":"follow","max-snippet":"max-snippet:-1","max-image-preview":"max-image-preview:large","max-video-preview":"max-video-preview:-1"},"canonical":"https:\/\/www.hauer-werbung.de\/index.php\/aussen-und-lichtwerbung\/","og_locale":"de_DE","og_type":"article","og_title":"Au\u00dfen- und Lichtwerbung - Hauer-Werbung","og_description":"Wir sorgen f\u00fcr den richtigen Blickfang an ihrem Objekt. Mit Hilfe von gro\u00dfformatigen Digitaldruck k\u00f6nnen wir fast alles umsetzen, was Ihr Herz begehrt. Dabei kommen K\u00f6macell, Dibond, Edelstahl oder Acrylglas zum Einsatz f\u00fcr die Herstellung von Schildern oder Fr\u00e4sbuchstaben. Zus\u00e4tzlich kann diese durch konventionelle Leuchtstoffr\u00f6hren oder umweltfreundliche LED&#8217;s gleichm\u00e4\u00dfig ausgeleuchtet werden.","og_url":"https:\/\/www.hauer-werbung.de\/index.php\/aussen-und-lichtwerbung\/","og_site_name":"Hauer-Werbung","article_modified_time":"2017-01-11T21:26:39+00:00","twitter_card":"summary_large_image","schema":{"@context":"https:\/\/schema.org","@graph":[{"@type":"WebPage","@id":"https:\/\/www.hauer-werbung.de\/index.php\/aussen-und-lichtwerbung\/","url":"https:\/\/www.hauer-werbung.de\/index.php\/aussen-und-lichtwerbung\/","name":"Au\u00dfen- und Lichtwerbung - Hauer-Werbung","isPartOf":{"@id":"https:\/\/www.hauer-werbung.de\/#website"},"datePublished":"2017-01-11T20:42:51+00:00","dateModified":"2017-01-11T21:26:39+00:00","breadcrumb":{"@id":"https:\/\/www.hauer-werbung.de\/index.php\/aussen-und-lichtwerbung\/#breadcrumb"},"inLanguage":"de","potentialAction":[{"@type":"ReadAction","target":["https:\/\/www.hauer-werbung.de\/index.php\/aussen-und-lichtwerbung\/"]}]},{"@type":"BreadcrumbList","@id":"https:\/\/www.hauer-werbung.de\/index.php\/aussen-und-lichtwerbung\/#breadcrumb","itemListElement":[{"@type":"ListItem","position":1,"name":"Startseite","item":"https:\/\/www.hauer-werbung.de\/"},{"@type":"ListItem","position":2,"name":"Au\u00dfen- und Lichtwerbung"}]},{"@type":"WebSite","@id":"https:\/\/www.hauer-werbung.de\/#website","url":"https:\/\/www.hauer-werbung.de\/","name":"Hauer-Werbung","description":"Werbung vom Fischland","publisher":{"@id":"https:\/\/www.hauer-werbung.de\/#organization"},"potentialAction":[{"@type":"SearchAction","target":{"@type":"EntryPoint","urlTemplate":"https:\/\/www.hauer-werbung.de\/?s={search_term_string}"},"query-input":{"@type":"PropertyValueSpecification","valueRequired":true,"valueName":"search_term_string"}}],"inLanguage":"de"},{"@type":"Organization","@id":"https:\/\/www.hauer-werbung.de\/#organization","name":"Hauer-Werbung","url":"https:\/\/www.hauer-werbung.de\/","logo":{"@type":"ImageObject","inLanguage":"de","@id":"https:\/\/www.hauer-werbung.de\/#\/schema\/logo\/image\/","url":"https:\/\/www.hauer-werbung.de\/wp-content\/uploads\/2017\/01\/hauer-logo-farb.gif","contentUrl":"https:\/\/www.hauer-werbung.de\/wp-content\/uploads\/2017\/01\/hauer-logo-farb.gif","width":1000,"height":285,"caption":"Hauer-Werbung"},"image":{"@id":"https:\/\/www.hauer-werbung.de\/#\/schema\/logo\/image\/"}}]}},"_links":{"self":[{"href":"https:\/\/www.hauer-werbung.de\/index.php\/wp-json\/wp\/v2\/pages\/159","targetHints":{"allow":["GET"]}}],"collection":[{"href":"https:\/\/www.hauer-werbung.de\/index.php\/wp-json\/wp\/v2\/pages"}],"about":[{"href":"https:\/\/www.hauer-werbung.de\/index.php\/wp-json\/wp\/v2\/types\/page"}],"author":[{"embeddable":true,"href":"https:\/\/www.hauer-werbung.de\/index.php\/wp-json\/wp\/v2\/users\/1"}],"replies":[{"embeddable":true,"href":"https:\/\/www.hauer-werbung.de\/index.php\/wp-json\/wp\/v2\/comments?post=159"}],"version-history":[{"count":3,"href":"https:\/\/www.hauer-werbung.de\/index.php\/wp-json\/wp\/v2\/pages\/159\/revisions"}],"predecessor-version":[{"id":201,"href":"https:\/\/www.hauer-werbung.de\/index.php\/wp-json\/wp\/v2\/pages\/159\/revisions\/201"}],"wp:attachment":[{"href":"https:\/\/www.hauer-werbung.de\/index.php\/wp-json\/wp\/v2\/media?parent=159"}],"curies":[{"name":"wp","href":"https:\/\/api.w.org\/{rel}","templated":true}]}}