{"id":162,"date":"2017-01-11T21:42:51","date_gmt":"2017-01-11T20:42:51","guid":{"rendered":"http:\/\/boddenstyle.de\/hauer_werbung\/wordpress\/?page_id=162"},"modified":"2017-01-20T17:30:58","modified_gmt":"2017-01-20T16:30:58","slug":"vereinsbedarf","status":"publish","type":"page","link":"https:\/\/www.hauer-werbung.de\/index.php\/vereinsbedarf\/","title":{"rendered":"Vereinsbedarf"},"content":{"rendered":"<div>\n<div id=\"cc-m-textwithimage-9825379179\" class=\"cc-m-textwithimage-inline-rte\" data-name=\"text\" data-action=\"text\">\n<p style=\"text-align: left;\">&nbsp;<img loading=\"lazy\" decoding=\"async\" class=\"alignleft size-full wp-image-300\" src=\"http:\/\/boddenstyle.de\/hauer_werbung\/wordpress\/wp-content\/uploads\/2017\/01\/pokale_03.jpg\" alt=\"\" width=\"250\" height=\"375\" srcset=\"https:\/\/www.hauer-werbung.de\/wp-content\/uploads\/2017\/01\/pokale_03.jpg 250w, https:\/\/www.hauer-werbung.de\/wp-content\/uploads\/2017\/01\/pokale_03-200x300.jpg 200w\" sizes=\"auto, (max-width: 250px) 100vw, 250px\" \/><span style=\"color: #000000;\">Wir bieten Ihnen Pokale aus verschiedensten Materialien an. Ob Metallpokal, Glastroph\u00e4e, gro\u00dfer Henkelpokale, extravaganter Designpokal, Wanderpokal, Resinpokal oder kleiner preiswerter Pokal.<br \/>\n<\/span><span style=\"color: #000000;\">Je nach Wunsch k\u00f6nnen die Pokale mit einer individuellen Fr\u00e4s- oder Lasergravur versehen werden. Zus\u00e4tzlich besteht die M\u00f6glichkeit Pokale mit Emblem oder&nbsp; Logo zu bestellen.<\/span><\/p>\n<p style=\"text-align: left;\">Wir fertigen ihnen auch ein individuelles Einzelst\u00fcck\/Kleinserie konkret nach ihren W\u00fcnschen. Einen Pokal den sie garantiert nirgends ein weiteres Mal sehen werden.<\/p>\n<p style=\"text-align: left;\">Nat\u00fcrlich bekommen sie bei uns auch Medaillen und sonstigen Vereinsbedarf.<br \/>\n<span style=\"color: #000000;\">Bei weiteren Fragen stehen wir Ihnen gerne beratend zur Seite.<\/span>&nbsp;<br \/>\n&nbsp;<img loading=\"lazy\" decoding=\"async\" class=\"alignleft size-full wp-image-292\" src=\"http:\/\/boddenstyle.de\/hauer_werbung\/wordpress\/wp-content\/uploads\/2017\/01\/pokale_01.jpg\" alt=\"\" width=\"800\" height=\"178\" srcset=\"https:\/\/www.hauer-werbung.de\/wp-content\/uploads\/2017\/01\/pokale_01.jpg 800w, https:\/\/www.hauer-werbung.de\/wp-content\/uploads\/2017\/01\/pokale_01-350x78.jpg 350w, https:\/\/www.hauer-werbung.de\/wp-content\/uploads\/2017\/01\/pokale_01-300x67.jpg 300w, https:\/\/www.hauer-werbung.de\/wp-content\/uploads\/2017\/01\/pokale_01-768x171.jpg 768w\" sizes=\"auto, (max-width: 767px) 89vw, (max-width: 1000px) 54vw, (max-width: 1071px) 543px, 580px\" \/><\/p>\n<\/div>\n<\/div>\n","protected":false},"excerpt":{"rendered":"<p>&nbsp;Wir bieten Ihnen Pokale aus verschiedensten Materialien an. Ob Metallpokal, Glastroph\u00e4e, gro\u00dfer Henkelpokale, extravaganter Designpokal, Wanderpokal, Resinpokal oder kleiner preiswerter Pokal. Je nach Wunsch k\u00f6nnen die Pokale mit einer individuellen Fr\u00e4s- oder Lasergravur versehen werden. Zus\u00e4tzlich besteht die M\u00f6glichkeit Pokale mit Emblem oder&nbsp; Logo zu bestellen. Wir fertigen ihnen auch ein individuelles Einzelst\u00fcck\/Kleinserie konkret nach &hellip; <\/p>\n<p class=\"link-more\"><a href=\"https:\/\/www.hauer-werbung.de\/index.php\/vereinsbedarf\/\" class=\"more-link\"><span class=\"screen-reader-text\">\u201eVereinsbedarf\u201c <\/span>weiterlesen<\/a><\/p>\n","protected":false},"author":1,"featured_media":0,"parent":0,"menu_order":0,"comment_status":"closed","ping_status":"closed","template":"","meta":{"ngg_post_thumbnail":0,"footnotes":""},"class_list":["post-162","page","type-page","status-publish","hentry"],"yoast_head":"<!-- This site is optimized with the Yoast SEO plugin v27.5 - https:\/\/yoast.com\/product\/yoast-seo-wordpress\/ -->\n<title>Vereinsbedarf - Hauer-Werbung<\/title>\n<meta name=\"robots\" content=\"index, follow, max-snippet:-1, max-image-preview:large, max-video-preview:-1\" \/>\n<link rel=\"canonical\" href=\"https:\/\/www.hauer-werbung.de\/index.php\/vereinsbedarf\/\" \/>\n<meta property=\"og:locale\" content=\"de_DE\" \/>\n<meta property=\"og:type\" content=\"article\" \/>\n<meta property=\"og:title\" content=\"Vereinsbedarf - Hauer-Werbung\" \/>\n<meta property=\"og:description\" content=\"&nbsp;Wir bieten Ihnen Pokale aus verschiedensten Materialien an. Ob Metallpokal, Glastroph\u00e4e, gro\u00dfer Henkelpokale, extravaganter Designpokal, Wanderpokal, Resinpokal oder kleiner preiswerter Pokal. Je nach Wunsch k\u00f6nnen die Pokale mit einer individuellen Fr\u00e4s- oder Lasergravur versehen werden. Zus\u00e4tzlich besteht die M\u00f6glichkeit Pokale mit Emblem oder&nbsp; Logo zu bestellen. Wir fertigen ihnen auch ein individuelles Einzelst\u00fcck\/Kleinserie konkret nach &hellip; \u201eVereinsbedarf\u201c weiterlesen\" \/>\n<meta property=\"og:url\" content=\"https:\/\/www.hauer-werbung.de\/index.php\/vereinsbedarf\/\" \/>\n<meta property=\"og:site_name\" content=\"Hauer-Werbung\" \/>\n<meta property=\"article:modified_time\" content=\"2017-01-20T16:30:58+00:00\" \/>\n<meta property=\"og:image\" content=\"http:\/\/boddenstyle.de\/hauer_werbung\/wordpress\/wp-content\/uploads\/2017\/01\/pokale_03.jpg\" \/>\n<meta name=\"twitter:card\" content=\"summary_large_image\" \/>\n<meta name=\"twitter:label1\" content=\"Gesch\u00e4tzte Lesezeit\" \/>\n\t<meta name=\"twitter:data1\" content=\"1\u00a0Minute\" \/>\n<script type=\"application\/ld+json\" class=\"yoast-schema-graph\">{\"@context\":\"https:\\\/\\\/schema.org\",\"@graph\":[{\"@type\":\"WebPage\",\"@id\":\"https:\\\/\\\/www.hauer-werbung.de\\\/index.php\\\/vereinsbedarf\\\/\",\"url\":\"https:\\\/\\\/www.hauer-werbung.de\\\/index.php\\\/vereinsbedarf\\\/\",\"name\":\"Vereinsbedarf - Hauer-Werbung\",\"isPartOf\":{\"@id\":\"https:\\\/\\\/www.hauer-werbung.de\\\/#website\"},\"primaryImageOfPage\":{\"@id\":\"https:\\\/\\\/www.hauer-werbung.de\\\/index.php\\\/vereinsbedarf\\\/#primaryimage\"},\"image\":{\"@id\":\"https:\\\/\\\/www.hauer-werbung.de\\\/index.php\\\/vereinsbedarf\\\/#primaryimage\"},\"thumbnailUrl\":\"http:\\\/\\\/boddenstyle.de\\\/hauer_werbung\\\/wordpress\\\/wp-content\\\/uploads\\\/2017\\\/01\\\/pokale_03.jpg\",\"datePublished\":\"2017-01-11T20:42:51+00:00\",\"dateModified\":\"2017-01-20T16:30:58+00:00\",\"breadcrumb\":{\"@id\":\"https:\\\/\\\/www.hauer-werbung.de\\\/index.php\\\/vereinsbedarf\\\/#breadcrumb\"},\"inLanguage\":\"de\",\"potentialAction\":[{\"@type\":\"ReadAction\",\"target\":[\"https:\\\/\\\/www.hauer-werbung.de\\\/index.php\\\/vereinsbedarf\\\/\"]}]},{\"@type\":\"ImageObject\",\"inLanguage\":\"de\",\"@id\":\"https:\\\/\\\/www.hauer-werbung.de\\\/index.php\\\/vereinsbedarf\\\/#primaryimage\",\"url\":\"http:\\\/\\\/boddenstyle.de\\\/hauer_werbung\\\/wordpress\\\/wp-content\\\/uploads\\\/2017\\\/01\\\/pokale_03.jpg\",\"contentUrl\":\"http:\\\/\\\/boddenstyle.de\\\/hauer_werbung\\\/wordpress\\\/wp-content\\\/uploads\\\/2017\\\/01\\\/pokale_03.jpg\"},{\"@type\":\"BreadcrumbList\",\"@id\":\"https:\\\/\\\/www.hauer-werbung.de\\\/index.php\\\/vereinsbedarf\\\/#breadcrumb\",\"itemListElement\":[{\"@type\":\"ListItem\",\"position\":1,\"name\":\"Startseite\",\"item\":\"https:\\\/\\\/www.hauer-werbung.de\\\/\"},{\"@type\":\"ListItem\",\"position\":2,\"name\":\"Vereinsbedarf\"}]},{\"@type\":\"WebSite\",\"@id\":\"https:\\\/\\\/www.hauer-werbung.de\\\/#website\",\"url\":\"https:\\\/\\\/www.hauer-werbung.de\\\/\",\"name\":\"Hauer-Werbung\",\"description\":\"Werbung vom Fischland\",\"publisher\":{\"@id\":\"https:\\\/\\\/www.hauer-werbung.de\\\/#organization\"},\"potentialAction\":[{\"@type\":\"SearchAction\",\"target\":{\"@type\":\"EntryPoint\",\"urlTemplate\":\"https:\\\/\\\/www.hauer-werbung.de\\\/?s={search_term_string}\"},\"query-input\":{\"@type\":\"PropertyValueSpecification\",\"valueRequired\":true,\"valueName\":\"search_term_string\"}}],\"inLanguage\":\"de\"},{\"@type\":\"Organization\",\"@id\":\"https:\\\/\\\/www.hauer-werbung.de\\\/#organization\",\"name\":\"Hauer-Werbung\",\"url\":\"https:\\\/\\\/www.hauer-werbung.de\\\/\",\"logo\":{\"@type\":\"ImageObject\",\"inLanguage\":\"de\",\"@id\":\"https:\\\/\\\/www.hauer-werbung.de\\\/#\\\/schema\\\/logo\\\/image\\\/\",\"url\":\"https:\\\/\\\/www.hauer-werbung.de\\\/wp-content\\\/uploads\\\/2017\\\/01\\\/hauer-logo-farb.gif\",\"contentUrl\":\"https:\\\/\\\/www.hauer-werbung.de\\\/wp-content\\\/uploads\\\/2017\\\/01\\\/hauer-logo-farb.gif\",\"width\":1000,\"height\":285,\"caption\":\"Hauer-Werbung\"},\"image\":{\"@id\":\"https:\\\/\\\/www.hauer-werbung.de\\\/#\\\/schema\\\/logo\\\/image\\\/\"}}]}<\/script>\n<!-- \/ Yoast SEO plugin. -->","yoast_head_json":{"title":"Vereinsbedarf - Hauer-Werbung","robots":{"index":"index","follow":"follow","max-snippet":"max-snippet:-1","max-image-preview":"max-image-preview:large","max-video-preview":"max-video-preview:-1"},"canonical":"https:\/\/www.hauer-werbung.de\/index.php\/vereinsbedarf\/","og_locale":"de_DE","og_type":"article","og_title":"Vereinsbedarf - Hauer-Werbung","og_description":"&nbsp;Wir bieten Ihnen Pokale aus verschiedensten Materialien an. Ob Metallpokal, Glastroph\u00e4e, gro\u00dfer Henkelpokale, extravaganter Designpokal, Wanderpokal, Resinpokal oder kleiner preiswerter Pokal. Je nach Wunsch k\u00f6nnen die Pokale mit einer individuellen Fr\u00e4s- oder Lasergravur versehen werden. Zus\u00e4tzlich besteht die M\u00f6glichkeit Pokale mit Emblem oder&nbsp; Logo zu bestellen. Wir fertigen ihnen auch ein individuelles Einzelst\u00fcck\/Kleinserie konkret nach &hellip; \u201eVereinsbedarf\u201c weiterlesen","og_url":"https:\/\/www.hauer-werbung.de\/index.php\/vereinsbedarf\/","og_site_name":"Hauer-Werbung","article_modified_time":"2017-01-20T16:30:58+00:00","og_image":[{"url":"http:\/\/boddenstyle.de\/hauer_werbung\/wordpress\/wp-content\/uploads\/2017\/01\/pokale_03.jpg","type":"","width":"","height":""}],"twitter_card":"summary_large_image","twitter_misc":{"Gesch\u00e4tzte Lesezeit":"1\u00a0Minute"},"schema":{"@context":"https:\/\/schema.org","@graph":[{"@type":"WebPage","@id":"https:\/\/www.hauer-werbung.de\/index.php\/vereinsbedarf\/","url":"https:\/\/www.hauer-werbung.de\/index.php\/vereinsbedarf\/","name":"Vereinsbedarf - Hauer-Werbung","isPartOf":{"@id":"https:\/\/www.hauer-werbung.de\/#website"},"primaryImageOfPage":{"@id":"https:\/\/www.hauer-werbung.de\/index.php\/vereinsbedarf\/#primaryimage"},"image":{"@id":"https:\/\/www.hauer-werbung.de\/index.php\/vereinsbedarf\/#primaryimage"},"thumbnailUrl":"http:\/\/boddenstyle.de\/hauer_werbung\/wordpress\/wp-content\/uploads\/2017\/01\/pokale_03.jpg","datePublished":"2017-01-11T20:42:51+00:00","dateModified":"2017-01-20T16:30:58+00:00","breadcrumb":{"@id":"https:\/\/www.hauer-werbung.de\/index.php\/vereinsbedarf\/#breadcrumb"},"inLanguage":"de","potentialAction":[{"@type":"ReadAction","target":["https:\/\/www.hauer-werbung.de\/index.php\/vereinsbedarf\/"]}]},{"@type":"ImageObject","inLanguage":"de","@id":"https:\/\/www.hauer-werbung.de\/index.php\/vereinsbedarf\/#primaryimage","url":"http:\/\/boddenstyle.de\/hauer_werbung\/wordpress\/wp-content\/uploads\/2017\/01\/pokale_03.jpg","contentUrl":"http:\/\/boddenstyle.de\/hauer_werbung\/wordpress\/wp-content\/uploads\/2017\/01\/pokale_03.jpg"},{"@type":"BreadcrumbList","@id":"https:\/\/www.hauer-werbung.de\/index.php\/vereinsbedarf\/#breadcrumb","itemListElement":[{"@type":"ListItem","position":1,"name":"Startseite","item":"https:\/\/www.hauer-werbung.de\/"},{"@type":"ListItem","position":2,"name":"Vereinsbedarf"}]},{"@type":"WebSite","@id":"https:\/\/www.hauer-werbung.de\/#website","url":"https:\/\/www.hauer-werbung.de\/","name":"Hauer-Werbung","description":"Werbung vom Fischland","publisher":{"@id":"https:\/\/www.hauer-werbung.de\/#organization"},"potentialAction":[{"@type":"SearchAction","target":{"@type":"EntryPoint","urlTemplate":"https:\/\/www.hauer-werbung.de\/?s={search_term_string}"},"query-input":{"@type":"PropertyValueSpecification","valueRequired":true,"valueName":"search_term_string"}}],"inLanguage":"de"},{"@type":"Organization","@id":"https:\/\/www.hauer-werbung.de\/#organization","name":"Hauer-Werbung","url":"https:\/\/www.hauer-werbung.de\/","logo":{"@type":"ImageObject","inLanguage":"de","@id":"https:\/\/www.hauer-werbung.de\/#\/schema\/logo\/image\/","url":"https:\/\/www.hauer-werbung.de\/wp-content\/uploads\/2017\/01\/hauer-logo-farb.gif","contentUrl":"https:\/\/www.hauer-werbung.de\/wp-content\/uploads\/2017\/01\/hauer-logo-farb.gif","width":1000,"height":285,"caption":"Hauer-Werbung"},"image":{"@id":"https:\/\/www.hauer-werbung.de\/#\/schema\/logo\/image\/"}}]}},"_links":{"self":[{"href":"https:\/\/www.hauer-werbung.de\/index.php\/wp-json\/wp\/v2\/pages\/162","targetHints":{"allow":["GET"]}}],"collection":[{"href":"https:\/\/www.hauer-werbung.de\/index.php\/wp-json\/wp\/v2\/pages"}],"about":[{"href":"https:\/\/www.hauer-werbung.de\/index.php\/wp-json\/wp\/v2\/types\/page"}],"author":[{"embeddable":true,"href":"https:\/\/www.hauer-werbung.de\/index.php\/wp-json\/wp\/v2\/users\/1"}],"replies":[{"embeddable":true,"href":"https:\/\/www.hauer-werbung.de\/index.php\/wp-json\/wp\/v2\/comments?post=162"}],"version-history":[{"count":15,"href":"https:\/\/www.hauer-werbung.de\/index.php\/wp-json\/wp\/v2\/pages\/162\/revisions"}],"predecessor-version":[{"id":307,"href":"https:\/\/www.hauer-werbung.de\/index.php\/wp-json\/wp\/v2\/pages\/162\/revisions\/307"}],"wp:attachment":[{"href":"https:\/\/www.hauer-werbung.de\/index.php\/wp-json\/wp\/v2\/media?parent=162"}],"curies":[{"name":"wp","href":"https:\/\/api.w.org\/{rel}","templated":true}]}}