{"id":31,"date":"2017-01-10T21:13:47","date_gmt":"2017-01-10T20:13:47","guid":{"rendered":"http:\/\/boddenstyle.de\/hauer_werbung\/wordpress\/?page_id=31"},"modified":"2017-01-11T23:08:00","modified_gmt":"2017-01-11T22:08:00","slug":"startseite","status":"publish","type":"page","link":"https:\/\/www.hauer-werbung.de\/","title":{"rendered":""},"content":{"rendered":"<div id=\"cc-m-9825123479\" class=\"j-module n j-header \">\n<h3 id=\"cc-m-header-9825123479\" class=\"\">Unsere Firmenphilosophie<\/h3>\n<\/div>\n<div id=\"cc-m-9825123579\" class=\"j-module n j-hgrid \">\n<div class=\"cc-m-hgrid-column\">\n<div id=\"cc-matrix-2569898279\">\n<div id=\"cc-m-9825123679\" class=\"j-module n j-text \">\n<p>Seit 1990 z\u00e4hlt das Familienunternehmen nahe Ribnitz Damgarten zu den starken Partnern im Norden f\u00fcr Werbetechnik, Gestaltung und Digitaldruck.<\/p>\n<div class=\"col-md-6\">\n<div id=\"c226\" class=\"csc-default\">\n<p class=\"align-center\">Wir fertigen f\u00fcr Sie individuelle Schilder &amp; Au\u00dfenwerbung, ebenso wie Druckprodukte, Digitaldrucke, personalisierte sowie unikate Werbepr\u00e4sente und vieles mehr.<\/p>\n<p class=\"align-center\">Fahrzeugbeschriftung und Digitaldruck geh\u00f6ren ebenso zu unserem Leistungsspektrum wie Grafikdesign und Textilveredelung.<\/p>\n<p class=\"align-center\">Innovativ, Kreativ &amp; Erfahren.<\/p>\n<p class=\"align-center\">Bei der Umsetzung Ihrer W\u00fcnsche stehen wir Ihnen gerne zur Seite<\/p>\n<\/div>\n<\/div>\n<\/div>\n<\/div>\n<\/div>\n<\/div>\n","protected":false},"excerpt":{"rendered":"<p>Unsere Firmenphilosophie Seit 1990 z\u00e4hlt das Familienunternehmen nahe Ribnitz Damgarten zu den starken Partnern im Norden f\u00fcr Werbetechnik, Gestaltung und Digitaldruck. Wir fertigen f\u00fcr Sie individuelle Schilder &amp; Au\u00dfenwerbung, ebenso wie Druckprodukte, Digitaldrucke, personalisierte sowie unikate Werbepr\u00e4sente und vieles mehr. Fahrzeugbeschriftung und Digitaldruck geh\u00f6ren ebenso zu unserem Leistungsspektrum wie Grafikdesign und Textilveredelung. Innovativ, Kreativ &amp; &hellip; <\/p>\n<p class=\"link-more\"><a href=\"https:\/\/www.hauer-werbung.de\/\" class=\"more-link\"><span class=\"screen-reader-text\">\u201e\u201c <\/span>weiterlesen<\/a><\/p>\n","protected":false},"author":1,"featured_media":0,"parent":0,"menu_order":0,"comment_status":"closed","ping_status":"closed","template":"","meta":{"ngg_post_thumbnail":0,"footnotes":""},"class_list":["post-31","page","type-page","status-publish","hentry"],"yoast_head":"<!-- This site is optimized with the Yoast SEO plugin v27.5 - https:\/\/yoast.com\/product\/yoast-seo-wordpress\/ -->\n<title>- Hauer-Werbung<\/title>\n<meta name=\"robots\" content=\"index, follow, max-snippet:-1, max-image-preview:large, max-video-preview:-1\" \/>\n<link rel=\"canonical\" href=\"https:\/\/www.hauer-werbung.de\/\" \/>\n<meta property=\"og:locale\" content=\"de_DE\" \/>\n<meta property=\"og:type\" content=\"article\" \/>\n<meta property=\"og:title\" content=\"- Hauer-Werbung\" \/>\n<meta property=\"og:description\" content=\"Unsere Firmenphilosophie Seit 1990 z\u00e4hlt das Familienunternehmen nahe Ribnitz Damgarten zu den starken Partnern im Norden f\u00fcr Werbetechnik, Gestaltung und Digitaldruck. Wir fertigen f\u00fcr Sie individuelle Schilder &amp; Au\u00dfenwerbung, ebenso wie Druckprodukte, Digitaldrucke, personalisierte sowie unikate Werbepr\u00e4sente und vieles mehr. Fahrzeugbeschriftung und Digitaldruck geh\u00f6ren ebenso zu unserem Leistungsspektrum wie Grafikdesign und Textilveredelung. Innovativ, Kreativ &amp; &hellip; \u201e\u201c weiterlesen\" \/>\n<meta property=\"og:url\" content=\"https:\/\/www.hauer-werbung.de\/\" \/>\n<meta property=\"og:site_name\" content=\"Hauer-Werbung\" \/>\n<meta property=\"article:modified_time\" content=\"2017-01-11T22:08:00+00:00\" \/>\n<meta name=\"twitter:card\" content=\"summary_large_image\" \/>\n<script type=\"application\/ld+json\" class=\"yoast-schema-graph\">{\"@context\":\"https:\\\/\\\/schema.org\",\"@graph\":[{\"@type\":\"WebPage\",\"@id\":\"https:\\\/\\\/www.hauer-werbung.de\\\/\",\"url\":\"https:\\\/\\\/www.hauer-werbung.de\\\/\",\"name\":\"- Hauer-Werbung\",\"isPartOf\":{\"@id\":\"https:\\\/\\\/www.hauer-werbung.de\\\/#website\"},\"datePublished\":\"2017-01-10T20:13:47+00:00\",\"dateModified\":\"2017-01-11T22:08:00+00:00\",\"inLanguage\":\"de\",\"potentialAction\":[{\"@type\":\"ReadAction\",\"target\":[\"https:\\\/\\\/www.hauer-werbung.de\\\/\"]}]},{\"@type\":\"WebSite\",\"@id\":\"https:\\\/\\\/www.hauer-werbung.de\\\/#website\",\"url\":\"https:\\\/\\\/www.hauer-werbung.de\\\/\",\"name\":\"Hauer-Werbung\",\"description\":\"Werbung vom Fischland\",\"publisher\":{\"@id\":\"https:\\\/\\\/www.hauer-werbung.de\\\/#organization\"},\"potentialAction\":[{\"@type\":\"SearchAction\",\"target\":{\"@type\":\"EntryPoint\",\"urlTemplate\":\"https:\\\/\\\/www.hauer-werbung.de\\\/?s={search_term_string}\"},\"query-input\":{\"@type\":\"PropertyValueSpecification\",\"valueRequired\":true,\"valueName\":\"search_term_string\"}}],\"inLanguage\":\"de\"},{\"@type\":\"Organization\",\"@id\":\"https:\\\/\\\/www.hauer-werbung.de\\\/#organization\",\"name\":\"Hauer-Werbung\",\"url\":\"https:\\\/\\\/www.hauer-werbung.de\\\/\",\"logo\":{\"@type\":\"ImageObject\",\"inLanguage\":\"de\",\"@id\":\"https:\\\/\\\/www.hauer-werbung.de\\\/#\\\/schema\\\/logo\\\/image\\\/\",\"url\":\"https:\\\/\\\/www.hauer-werbung.de\\\/wp-content\\\/uploads\\\/2017\\\/01\\\/hauer-logo-farb.gif\",\"contentUrl\":\"https:\\\/\\\/www.hauer-werbung.de\\\/wp-content\\\/uploads\\\/2017\\\/01\\\/hauer-logo-farb.gif\",\"width\":1000,\"height\":285,\"caption\":\"Hauer-Werbung\"},\"image\":{\"@id\":\"https:\\\/\\\/www.hauer-werbung.de\\\/#\\\/schema\\\/logo\\\/image\\\/\"}}]}<\/script>\n<!-- \/ Yoast SEO plugin. -->","yoast_head_json":{"title":"- Hauer-Werbung","robots":{"index":"index","follow":"follow","max-snippet":"max-snippet:-1","max-image-preview":"max-image-preview:large","max-video-preview":"max-video-preview:-1"},"canonical":"https:\/\/www.hauer-werbung.de\/","og_locale":"de_DE","og_type":"article","og_title":"- Hauer-Werbung","og_description":"Unsere Firmenphilosophie Seit 1990 z\u00e4hlt das Familienunternehmen nahe Ribnitz Damgarten zu den starken Partnern im Norden f\u00fcr Werbetechnik, Gestaltung und Digitaldruck. Wir fertigen f\u00fcr Sie individuelle Schilder &amp; Au\u00dfenwerbung, ebenso wie Druckprodukte, Digitaldrucke, personalisierte sowie unikate Werbepr\u00e4sente und vieles mehr. Fahrzeugbeschriftung und Digitaldruck geh\u00f6ren ebenso zu unserem Leistungsspektrum wie Grafikdesign und Textilveredelung. Innovativ, Kreativ &amp; &hellip; \u201e\u201c weiterlesen","og_url":"https:\/\/www.hauer-werbung.de\/","og_site_name":"Hauer-Werbung","article_modified_time":"2017-01-11T22:08:00+00:00","twitter_card":"summary_large_image","schema":{"@context":"https:\/\/schema.org","@graph":[{"@type":"WebPage","@id":"https:\/\/www.hauer-werbung.de\/","url":"https:\/\/www.hauer-werbung.de\/","name":"- Hauer-Werbung","isPartOf":{"@id":"https:\/\/www.hauer-werbung.de\/#website"},"datePublished":"2017-01-10T20:13:47+00:00","dateModified":"2017-01-11T22:08:00+00:00","inLanguage":"de","potentialAction":[{"@type":"ReadAction","target":["https:\/\/www.hauer-werbung.de\/"]}]},{"@type":"WebSite","@id":"https:\/\/www.hauer-werbung.de\/#website","url":"https:\/\/www.hauer-werbung.de\/","name":"Hauer-Werbung","description":"Werbung vom Fischland","publisher":{"@id":"https:\/\/www.hauer-werbung.de\/#organization"},"potentialAction":[{"@type":"SearchAction","target":{"@type":"EntryPoint","urlTemplate":"https:\/\/www.hauer-werbung.de\/?s={search_term_string}"},"query-input":{"@type":"PropertyValueSpecification","valueRequired":true,"valueName":"search_term_string"}}],"inLanguage":"de"},{"@type":"Organization","@id":"https:\/\/www.hauer-werbung.de\/#organization","name":"Hauer-Werbung","url":"https:\/\/www.hauer-werbung.de\/","logo":{"@type":"ImageObject","inLanguage":"de","@id":"https:\/\/www.hauer-werbung.de\/#\/schema\/logo\/image\/","url":"https:\/\/www.hauer-werbung.de\/wp-content\/uploads\/2017\/01\/hauer-logo-farb.gif","contentUrl":"https:\/\/www.hauer-werbung.de\/wp-content\/uploads\/2017\/01\/hauer-logo-farb.gif","width":1000,"height":285,"caption":"Hauer-Werbung"},"image":{"@id":"https:\/\/www.hauer-werbung.de\/#\/schema\/logo\/image\/"}}]}},"_links":{"self":[{"href":"https:\/\/www.hauer-werbung.de\/index.php\/wp-json\/wp\/v2\/pages\/31","targetHints":{"allow":["GET"]}}],"collection":[{"href":"https:\/\/www.hauer-werbung.de\/index.php\/wp-json\/wp\/v2\/pages"}],"about":[{"href":"https:\/\/www.hauer-werbung.de\/index.php\/wp-json\/wp\/v2\/types\/page"}],"author":[{"embeddable":true,"href":"https:\/\/www.hauer-werbung.de\/index.php\/wp-json\/wp\/v2\/users\/1"}],"replies":[{"embeddable":true,"href":"https:\/\/www.hauer-werbung.de\/index.php\/wp-json\/wp\/v2\/comments?post=31"}],"version-history":[{"count":4,"href":"https:\/\/www.hauer-werbung.de\/index.php\/wp-json\/wp\/v2\/pages\/31\/revisions"}],"predecessor-version":[{"id":224,"href":"https:\/\/www.hauer-werbung.de\/index.php\/wp-json\/wp\/v2\/pages\/31\/revisions\/224"}],"wp:attachment":[{"href":"https:\/\/www.hauer-werbung.de\/index.php\/wp-json\/wp\/v2\/media?parent=31"}],"curies":[{"name":"wp","href":"https:\/\/api.w.org\/{rel}","templated":true}]}}