{"id":32,"date":"2017-01-10T21:13:47","date_gmt":"2017-01-10T20:13:47","guid":{"rendered":"http:\/\/boddenstyle.de\/hauer_werbung\/wordpress\/?page_id=32"},"modified":"2022-10-28T15:18:41","modified_gmt":"2022-10-28T13:18:41","slug":"ueber-mich","status":"publish","type":"page","link":"https:\/\/www.hauer-werbung.de\/index.php\/ueber-mich\/","title":{"rendered":"\u00dcber uns"},"content":{"rendered":"<p>Als kleine Werbeagentur sind wir in unser \u00fcber 30-j\u00e4hrigen Geschichte immer noch neugierig und denken vorw\u00e4rts, weil wir das Know-How und die Kreativit\u00e4t haben, um ihre Ideen erfolgreich umzusetzen.<\/p>\n<p>Wir sind gemeinsam erfolgreich, weil wir mit unseren Kunden auf Augenh\u00f6he kommunizieren. Wir sind seri\u00f6s, zuverl\u00e4ssig, authentisch &#8211; und manchmal unbequem ehrlich.<\/p>\n<p>Wir sind gut ausgebildete Mediengestalter und Grafiker, die ihr Handwerk beherrschen.<\/p>\n<p><img loading=\"lazy\" decoding=\"async\" class=\"alignleft size-full wp-image-298\" src=\"http:\/\/boddenstyle.de\/hauer_werbung\/wordpress\/wp-content\/uploads\/2017\/01\/Folie_01.jpg\" alt=\"\" width=\"500\" height=\"333\" srcset=\"https:\/\/www.hauer-werbung.de\/wp-content\/uploads\/2017\/01\/Folie_01.jpg 500w, https:\/\/www.hauer-werbung.de\/wp-content\/uploads\/2017\/01\/Folie_01-350x233.jpg 350w, https:\/\/www.hauer-werbung.de\/wp-content\/uploads\/2017\/01\/Folie_01-300x200.jpg 300w\" sizes=\"auto, (max-width: 500px) 100vw, 500px\" \/><\/p>\n","protected":false},"excerpt":{"rendered":"<p>Als kleine Werbeagentur sind wir in unser \u00fcber 30-j\u00e4hrigen Geschichte immer noch neugierig und denken vorw\u00e4rts, weil wir das Know-How und die Kreativit\u00e4t haben, um ihre Ideen erfolgreich umzusetzen. Wir sind gemeinsam erfolgreich, weil wir mit unseren Kunden auf Augenh\u00f6he kommunizieren. Wir sind seri\u00f6s, zuverl\u00e4ssig, authentisch &#8211; und manchmal unbequem ehrlich. Wir sind gut ausgebildete &hellip; <\/p>\n<p class=\"link-more\"><a href=\"https:\/\/www.hauer-werbung.de\/index.php\/ueber-mich\/\" class=\"more-link\"><span class=\"screen-reader-text\">\u201e\u00dcber uns\u201c <\/span>weiterlesen<\/a><\/p>\n","protected":false},"author":1,"featured_media":0,"parent":0,"menu_order":0,"comment_status":"closed","ping_status":"closed","template":"","meta":{"ngg_post_thumbnail":0,"footnotes":""},"class_list":["post-32","page","type-page","status-publish","hentry"],"yoast_head":"<!-- This site is optimized with the Yoast SEO plugin v27.4 - https:\/\/yoast.com\/product\/yoast-seo-wordpress\/ -->\n<title>\u00dcber uns - Hauer-Werbung<\/title>\n<meta name=\"robots\" content=\"index, follow, max-snippet:-1, max-image-preview:large, max-video-preview:-1\" \/>\n<link rel=\"canonical\" href=\"https:\/\/www.hauer-werbung.de\/index.php\/ueber-mich\/\" \/>\n<meta property=\"og:locale\" content=\"de_DE\" \/>\n<meta property=\"og:type\" content=\"article\" \/>\n<meta property=\"og:title\" content=\"\u00dcber uns - Hauer-Werbung\" \/>\n<meta property=\"og:description\" content=\"Als kleine Werbeagentur sind wir in unser \u00fcber 30-j\u00e4hrigen Geschichte immer noch neugierig und denken vorw\u00e4rts, weil wir das Know-How und die Kreativit\u00e4t haben, um ihre Ideen erfolgreich umzusetzen. Wir sind gemeinsam erfolgreich, weil wir mit unseren Kunden auf Augenh\u00f6he kommunizieren. Wir sind seri\u00f6s, zuverl\u00e4ssig, authentisch &#8211; und manchmal unbequem ehrlich. Wir sind gut ausgebildete &hellip; \u201e\u00dcber uns\u201c weiterlesen\" \/>\n<meta property=\"og:url\" content=\"https:\/\/www.hauer-werbung.de\/index.php\/ueber-mich\/\" \/>\n<meta property=\"og:site_name\" content=\"Hauer-Werbung\" \/>\n<meta property=\"article:modified_time\" content=\"2022-10-28T13:18:41+00:00\" \/>\n<meta property=\"og:image\" content=\"http:\/\/boddenstyle.de\/hauer_werbung\/wordpress\/wp-content\/uploads\/2017\/01\/Folie_01.jpg\" \/>\n<meta name=\"twitter:card\" content=\"summary_large_image\" \/>\n<meta name=\"twitter:label1\" content=\"Gesch\u00e4tzte Lesezeit\" \/>\n\t<meta name=\"twitter:data1\" content=\"1\u00a0Minute\" \/>\n<script type=\"application\/ld+json\" class=\"yoast-schema-graph\">{\"@context\":\"https:\\\/\\\/schema.org\",\"@graph\":[{\"@type\":\"WebPage\",\"@id\":\"https:\\\/\\\/www.hauer-werbung.de\\\/index.php\\\/ueber-mich\\\/\",\"url\":\"https:\\\/\\\/www.hauer-werbung.de\\\/index.php\\\/ueber-mich\\\/\",\"name\":\"\u00dcber uns - Hauer-Werbung\",\"isPartOf\":{\"@id\":\"https:\\\/\\\/www.hauer-werbung.de\\\/#website\"},\"primaryImageOfPage\":{\"@id\":\"https:\\\/\\\/www.hauer-werbung.de\\\/index.php\\\/ueber-mich\\\/#primaryimage\"},\"image\":{\"@id\":\"https:\\\/\\\/www.hauer-werbung.de\\\/index.php\\\/ueber-mich\\\/#primaryimage\"},\"thumbnailUrl\":\"http:\\\/\\\/boddenstyle.de\\\/hauer_werbung\\\/wordpress\\\/wp-content\\\/uploads\\\/2017\\\/01\\\/Folie_01.jpg\",\"datePublished\":\"2017-01-10T20:13:47+00:00\",\"dateModified\":\"2022-10-28T13:18:41+00:00\",\"breadcrumb\":{\"@id\":\"https:\\\/\\\/www.hauer-werbung.de\\\/index.php\\\/ueber-mich\\\/#breadcrumb\"},\"inLanguage\":\"de\",\"potentialAction\":[{\"@type\":\"ReadAction\",\"target\":[\"https:\\\/\\\/www.hauer-werbung.de\\\/index.php\\\/ueber-mich\\\/\"]}]},{\"@type\":\"ImageObject\",\"inLanguage\":\"de\",\"@id\":\"https:\\\/\\\/www.hauer-werbung.de\\\/index.php\\\/ueber-mich\\\/#primaryimage\",\"url\":\"http:\\\/\\\/boddenstyle.de\\\/hauer_werbung\\\/wordpress\\\/wp-content\\\/uploads\\\/2017\\\/01\\\/Folie_01.jpg\",\"contentUrl\":\"http:\\\/\\\/boddenstyle.de\\\/hauer_werbung\\\/wordpress\\\/wp-content\\\/uploads\\\/2017\\\/01\\\/Folie_01.jpg\"},{\"@type\":\"BreadcrumbList\",\"@id\":\"https:\\\/\\\/www.hauer-werbung.de\\\/index.php\\\/ueber-mich\\\/#breadcrumb\",\"itemListElement\":[{\"@type\":\"ListItem\",\"position\":1,\"name\":\"Startseite\",\"item\":\"https:\\\/\\\/www.hauer-werbung.de\\\/\"},{\"@type\":\"ListItem\",\"position\":2,\"name\":\"\u00dcber uns\"}]},{\"@type\":\"WebSite\",\"@id\":\"https:\\\/\\\/www.hauer-werbung.de\\\/#website\",\"url\":\"https:\\\/\\\/www.hauer-werbung.de\\\/\",\"name\":\"Hauer-Werbung\",\"description\":\"Werbung vom Fischland\",\"publisher\":{\"@id\":\"https:\\\/\\\/www.hauer-werbung.de\\\/#organization\"},\"potentialAction\":[{\"@type\":\"SearchAction\",\"target\":{\"@type\":\"EntryPoint\",\"urlTemplate\":\"https:\\\/\\\/www.hauer-werbung.de\\\/?s={search_term_string}\"},\"query-input\":{\"@type\":\"PropertyValueSpecification\",\"valueRequired\":true,\"valueName\":\"search_term_string\"}}],\"inLanguage\":\"de\"},{\"@type\":\"Organization\",\"@id\":\"https:\\\/\\\/www.hauer-werbung.de\\\/#organization\",\"name\":\"Hauer-Werbung\",\"url\":\"https:\\\/\\\/www.hauer-werbung.de\\\/\",\"logo\":{\"@type\":\"ImageObject\",\"inLanguage\":\"de\",\"@id\":\"https:\\\/\\\/www.hauer-werbung.de\\\/#\\\/schema\\\/logo\\\/image\\\/\",\"url\":\"https:\\\/\\\/www.hauer-werbung.de\\\/wp-content\\\/uploads\\\/2017\\\/01\\\/hauer-logo-farb.gif\",\"contentUrl\":\"https:\\\/\\\/www.hauer-werbung.de\\\/wp-content\\\/uploads\\\/2017\\\/01\\\/hauer-logo-farb.gif\",\"width\":1000,\"height\":285,\"caption\":\"Hauer-Werbung\"},\"image\":{\"@id\":\"https:\\\/\\\/www.hauer-werbung.de\\\/#\\\/schema\\\/logo\\\/image\\\/\"}}]}<\/script>\n<!-- \/ Yoast SEO plugin. -->","yoast_head_json":{"title":"\u00dcber uns - Hauer-Werbung","robots":{"index":"index","follow":"follow","max-snippet":"max-snippet:-1","max-image-preview":"max-image-preview:large","max-video-preview":"max-video-preview:-1"},"canonical":"https:\/\/www.hauer-werbung.de\/index.php\/ueber-mich\/","og_locale":"de_DE","og_type":"article","og_title":"\u00dcber uns - Hauer-Werbung","og_description":"Als kleine Werbeagentur sind wir in unser \u00fcber 30-j\u00e4hrigen Geschichte immer noch neugierig und denken vorw\u00e4rts, weil wir das Know-How und die Kreativit\u00e4t haben, um ihre Ideen erfolgreich umzusetzen. Wir sind gemeinsam erfolgreich, weil wir mit unseren Kunden auf Augenh\u00f6he kommunizieren. Wir sind seri\u00f6s, zuverl\u00e4ssig, authentisch &#8211; und manchmal unbequem ehrlich. Wir sind gut ausgebildete &hellip; \u201e\u00dcber uns\u201c weiterlesen","og_url":"https:\/\/www.hauer-werbung.de\/index.php\/ueber-mich\/","og_site_name":"Hauer-Werbung","article_modified_time":"2022-10-28T13:18:41+00:00","og_image":[{"url":"http:\/\/boddenstyle.de\/hauer_werbung\/wordpress\/wp-content\/uploads\/2017\/01\/Folie_01.jpg","type":"","width":"","height":""}],"twitter_card":"summary_large_image","twitter_misc":{"Gesch\u00e4tzte Lesezeit":"1\u00a0Minute"},"schema":{"@context":"https:\/\/schema.org","@graph":[{"@type":"WebPage","@id":"https:\/\/www.hauer-werbung.de\/index.php\/ueber-mich\/","url":"https:\/\/www.hauer-werbung.de\/index.php\/ueber-mich\/","name":"\u00dcber uns - Hauer-Werbung","isPartOf":{"@id":"https:\/\/www.hauer-werbung.de\/#website"},"primaryImageOfPage":{"@id":"https:\/\/www.hauer-werbung.de\/index.php\/ueber-mich\/#primaryimage"},"image":{"@id":"https:\/\/www.hauer-werbung.de\/index.php\/ueber-mich\/#primaryimage"},"thumbnailUrl":"http:\/\/boddenstyle.de\/hauer_werbung\/wordpress\/wp-content\/uploads\/2017\/01\/Folie_01.jpg","datePublished":"2017-01-10T20:13:47+00:00","dateModified":"2022-10-28T13:18:41+00:00","breadcrumb":{"@id":"https:\/\/www.hauer-werbung.de\/index.php\/ueber-mich\/#breadcrumb"},"inLanguage":"de","potentialAction":[{"@type":"ReadAction","target":["https:\/\/www.hauer-werbung.de\/index.php\/ueber-mich\/"]}]},{"@type":"ImageObject","inLanguage":"de","@id":"https:\/\/www.hauer-werbung.de\/index.php\/ueber-mich\/#primaryimage","url":"http:\/\/boddenstyle.de\/hauer_werbung\/wordpress\/wp-content\/uploads\/2017\/01\/Folie_01.jpg","contentUrl":"http:\/\/boddenstyle.de\/hauer_werbung\/wordpress\/wp-content\/uploads\/2017\/01\/Folie_01.jpg"},{"@type":"BreadcrumbList","@id":"https:\/\/www.hauer-werbung.de\/index.php\/ueber-mich\/#breadcrumb","itemListElement":[{"@type":"ListItem","position":1,"name":"Startseite","item":"https:\/\/www.hauer-werbung.de\/"},{"@type":"ListItem","position":2,"name":"\u00dcber uns"}]},{"@type":"WebSite","@id":"https:\/\/www.hauer-werbung.de\/#website","url":"https:\/\/www.hauer-werbung.de\/","name":"Hauer-Werbung","description":"Werbung vom Fischland","publisher":{"@id":"https:\/\/www.hauer-werbung.de\/#organization"},"potentialAction":[{"@type":"SearchAction","target":{"@type":"EntryPoint","urlTemplate":"https:\/\/www.hauer-werbung.de\/?s={search_term_string}"},"query-input":{"@type":"PropertyValueSpecification","valueRequired":true,"valueName":"search_term_string"}}],"inLanguage":"de"},{"@type":"Organization","@id":"https:\/\/www.hauer-werbung.de\/#organization","name":"Hauer-Werbung","url":"https:\/\/www.hauer-werbung.de\/","logo":{"@type":"ImageObject","inLanguage":"de","@id":"https:\/\/www.hauer-werbung.de\/#\/schema\/logo\/image\/","url":"https:\/\/www.hauer-werbung.de\/wp-content\/uploads\/2017\/01\/hauer-logo-farb.gif","contentUrl":"https:\/\/www.hauer-werbung.de\/wp-content\/uploads\/2017\/01\/hauer-logo-farb.gif","width":1000,"height":285,"caption":"Hauer-Werbung"},"image":{"@id":"https:\/\/www.hauer-werbung.de\/#\/schema\/logo\/image\/"}}]}},"_links":{"self":[{"href":"https:\/\/www.hauer-werbung.de\/index.php\/wp-json\/wp\/v2\/pages\/32","targetHints":{"allow":["GET"]}}],"collection":[{"href":"https:\/\/www.hauer-werbung.de\/index.php\/wp-json\/wp\/v2\/pages"}],"about":[{"href":"https:\/\/www.hauer-werbung.de\/index.php\/wp-json\/wp\/v2\/types\/page"}],"author":[{"embeddable":true,"href":"https:\/\/www.hauer-werbung.de\/index.php\/wp-json\/wp\/v2\/users\/1"}],"replies":[{"embeddable":true,"href":"https:\/\/www.hauer-werbung.de\/index.php\/wp-json\/wp\/v2\/comments?post=32"}],"version-history":[{"count":6,"href":"https:\/\/www.hauer-werbung.de\/index.php\/wp-json\/wp\/v2\/pages\/32\/revisions"}],"predecessor-version":[{"id":609,"href":"https:\/\/www.hauer-werbung.de\/index.php\/wp-json\/wp\/v2\/pages\/32\/revisions\/609"}],"wp:attachment":[{"href":"https:\/\/www.hauer-werbung.de\/index.php\/wp-json\/wp\/v2\/media?parent=32"}],"curies":[{"name":"wp","href":"https:\/\/api.w.org\/{rel}","templated":true}]}}