{"id":33,"date":"2017-01-10T21:13:47","date_gmt":"2017-01-10T20:13:47","guid":{"rendered":"http:\/\/boddenstyle.de\/hauer_werbung\/wordpress\/?page_id=33"},"modified":"2018-05-24T14:35:04","modified_gmt":"2018-05-24T12:35:04","slug":"kontakt","status":"publish","type":"page","link":"https:\/\/www.hauer-werbung.de\/index.php\/kontakt\/","title":{"rendered":"Kontakt"},"content":{"rendered":"<p>e-mail&nbsp;&nbsp;&nbsp;&nbsp;&nbsp; &#x69;&#x6e;&#x66;&#x6f;&#64;&#104;&#97;&#117;er-&#x77;&#x65;&#x72;&#x62;&#x75;&#110;&#103;&#46;de<\/p>\n<p><strong>Telefon<\/strong><br \/>\nfon&nbsp;&nbsp;&nbsp;&nbsp;&nbsp; 03821 81 01 36<strong><br \/>\n<\/strong>fax&nbsp;&nbsp;&nbsp;&nbsp;&nbsp; 03821 33 25<\/p>\n<p><strong>Adresse<\/strong><br \/>\nAn der B\u00e4derstra\u00dfe 16c<br \/>\n18311 Ribnitz-Damgarten OT K\u00f6rkwitz<\/p>\n","protected":false},"excerpt":{"rendered":"<p>e-mail&nbsp;&nbsp;&nbsp;&nbsp;&nbsp; &#105;&#x6e;&#102;&#x6f;&#64;&#x68;a&#117;&#x65;&#114;&#x2d;w&#x65;r&#98;&#x75;&#110;&#x67;&#46;&#x64;e Telefon fon&nbsp;&nbsp;&nbsp;&nbsp;&nbsp; 03821 81 01 36 fax&nbsp;&nbsp;&nbsp;&nbsp;&nbsp; 03821 33 25 Adresse An der B\u00e4derstra\u00dfe 16c 18311 Ribnitz-Damgarten OT K\u00f6rkwitz<\/p>\n","protected":false},"author":1,"featured_media":0,"parent":0,"menu_order":0,"comment_status":"closed","ping_status":"closed","template":"","meta":{"ngg_post_thumbnail":0,"footnotes":""},"class_list":["post-33","page","type-page","status-publish","hentry"],"yoast_head":"<!-- This site is optimized with the Yoast SEO plugin v27.4 - https:\/\/yoast.com\/product\/yoast-seo-wordpress\/ -->\n<title>Kontakt - Hauer-Werbung<\/title>\n<meta name=\"robots\" content=\"index, follow, max-snippet:-1, max-image-preview:large, max-video-preview:-1\" \/>\n<link rel=\"canonical\" href=\"https:\/\/www.hauer-werbung.de\/index.php\/kontakt\/\" \/>\n<meta property=\"og:locale\" content=\"de_DE\" \/>\n<meta property=\"og:type\" content=\"article\" \/>\n<meta property=\"og:title\" content=\"Kontakt - Hauer-Werbung\" \/>\n<meta property=\"og:description\" content=\"e-mail&nbsp;&nbsp;&nbsp;&nbsp;&nbsp; &#105;&#x6e;&#102;&#x6f;&#064;&#x68;&#097;&#x75;&#101;&#x72;&#045;&#x77;e&#x72;b&#x75;n&#x67;&#046;&#x64;e Telefon fon&nbsp;&nbsp;&nbsp;&nbsp;&nbsp; 03821 81 01 36 fax&nbsp;&nbsp;&nbsp;&nbsp;&nbsp; 03821 33 25 Adresse An der B\u00e4derstra\u00dfe 16c 18311 Ribnitz-Damgarten OT K\u00f6rkwitz\" \/>\n<meta property=\"og:url\" content=\"https:\/\/www.hauer-werbung.de\/index.php\/kontakt\/\" \/>\n<meta property=\"og:site_name\" content=\"Hauer-Werbung\" \/>\n<meta property=\"article:modified_time\" content=\"2018-05-24T12:35:04+00:00\" \/>\n<meta name=\"twitter:card\" content=\"summary_large_image\" \/>\n<script type=\"application\/ld+json\" class=\"yoast-schema-graph\">{\"@context\":\"https:\\\/\\\/schema.org\",\"@graph\":[{\"@type\":\"WebPage\",\"@id\":\"https:\\\/\\\/www.hauer-werbung.de\\\/index.php\\\/kontakt\\\/\",\"url\":\"https:\\\/\\\/www.hauer-werbung.de\\\/index.php\\\/kontakt\\\/\",\"name\":\"Kontakt - Hauer-Werbung\",\"isPartOf\":{\"@id\":\"https:\\\/\\\/www.hauer-werbung.de\\\/#website\"},\"datePublished\":\"2017-01-10T20:13:47+00:00\",\"dateModified\":\"2018-05-24T12:35:04+00:00\",\"breadcrumb\":{\"@id\":\"https:\\\/\\\/www.hauer-werbung.de\\\/index.php\\\/kontakt\\\/#breadcrumb\"},\"inLanguage\":\"de\",\"potentialAction\":[{\"@type\":\"ReadAction\",\"target\":[\"https:\\\/\\\/www.hauer-werbung.de\\\/index.php\\\/kontakt\\\/\"]}]},{\"@type\":\"BreadcrumbList\",\"@id\":\"https:\\\/\\\/www.hauer-werbung.de\\\/index.php\\\/kontakt\\\/#breadcrumb\",\"itemListElement\":[{\"@type\":\"ListItem\",\"position\":1,\"name\":\"Startseite\",\"item\":\"https:\\\/\\\/www.hauer-werbung.de\\\/\"},{\"@type\":\"ListItem\",\"position\":2,\"name\":\"Kontakt\"}]},{\"@type\":\"WebSite\",\"@id\":\"https:\\\/\\\/www.hauer-werbung.de\\\/#website\",\"url\":\"https:\\\/\\\/www.hauer-werbung.de\\\/\",\"name\":\"Hauer-Werbung\",\"description\":\"Werbung vom Fischland\",\"publisher\":{\"@id\":\"https:\\\/\\\/www.hauer-werbung.de\\\/#organization\"},\"potentialAction\":[{\"@type\":\"SearchAction\",\"target\":{\"@type\":\"EntryPoint\",\"urlTemplate\":\"https:\\\/\\\/www.hauer-werbung.de\\\/?s={search_term_string}\"},\"query-input\":{\"@type\":\"PropertyValueSpecification\",\"valueRequired\":true,\"valueName\":\"search_term_string\"}}],\"inLanguage\":\"de\"},{\"@type\":\"Organization\",\"@id\":\"https:\\\/\\\/www.hauer-werbung.de\\\/#organization\",\"name\":\"Hauer-Werbung\",\"url\":\"https:\\\/\\\/www.hauer-werbung.de\\\/\",\"logo\":{\"@type\":\"ImageObject\",\"inLanguage\":\"de\",\"@id\":\"https:\\\/\\\/www.hauer-werbung.de\\\/#\\\/schema\\\/logo\\\/image\\\/\",\"url\":\"https:\\\/\\\/www.hauer-werbung.de\\\/wp-content\\\/uploads\\\/2017\\\/01\\\/hauer-logo-farb.gif\",\"contentUrl\":\"https:\\\/\\\/www.hauer-werbung.de\\\/wp-content\\\/uploads\\\/2017\\\/01\\\/hauer-logo-farb.gif\",\"width\":1000,\"height\":285,\"caption\":\"Hauer-Werbung\"},\"image\":{\"@id\":\"https:\\\/\\\/www.hauer-werbung.de\\\/#\\\/schema\\\/logo\\\/image\\\/\"}}]}<\/script>\n<!-- \/ Yoast SEO plugin. -->","yoast_head_json":{"title":"Kontakt - Hauer-Werbung","robots":{"index":"index","follow":"follow","max-snippet":"max-snippet:-1","max-image-preview":"max-image-preview:large","max-video-preview":"max-video-preview:-1"},"canonical":"https:\/\/www.hauer-werbung.de\/index.php\/kontakt\/","og_locale":"de_DE","og_type":"article","og_title":"Kontakt - Hauer-Werbung","og_description":"e-mail&nbsp;&nbsp;&nbsp;&nbsp;&nbsp; &#105;&#x6e;&#102;&#x6f;&#64;&#x68;&#97;&#x75;&#101;&#x72;&#45;&#x77;e&#x72;b&#x75;n&#x67;&#46;&#x64;e Telefon fon&nbsp;&nbsp;&nbsp;&nbsp;&nbsp; 03821 81 01 36 fax&nbsp;&nbsp;&nbsp;&nbsp;&nbsp; 03821 33 25 Adresse An der B\u00e4derstra\u00dfe 16c 18311 Ribnitz-Damgarten OT K\u00f6rkwitz","og_url":"https:\/\/www.hauer-werbung.de\/index.php\/kontakt\/","og_site_name":"Hauer-Werbung","article_modified_time":"2018-05-24T12:35:04+00:00","twitter_card":"summary_large_image","schema":{"@context":"https:\/\/schema.org","@graph":[{"@type":"WebPage","@id":"https:\/\/www.hauer-werbung.de\/index.php\/kontakt\/","url":"https:\/\/www.hauer-werbung.de\/index.php\/kontakt\/","name":"Kontakt - Hauer-Werbung","isPartOf":{"@id":"https:\/\/www.hauer-werbung.de\/#website"},"datePublished":"2017-01-10T20:13:47+00:00","dateModified":"2018-05-24T12:35:04+00:00","breadcrumb":{"@id":"https:\/\/www.hauer-werbung.de\/index.php\/kontakt\/#breadcrumb"},"inLanguage":"de","potentialAction":[{"@type":"ReadAction","target":["https:\/\/www.hauer-werbung.de\/index.php\/kontakt\/"]}]},{"@type":"BreadcrumbList","@id":"https:\/\/www.hauer-werbung.de\/index.php\/kontakt\/#breadcrumb","itemListElement":[{"@type":"ListItem","position":1,"name":"Startseite","item":"https:\/\/www.hauer-werbung.de\/"},{"@type":"ListItem","position":2,"name":"Kontakt"}]},{"@type":"WebSite","@id":"https:\/\/www.hauer-werbung.de\/#website","url":"https:\/\/www.hauer-werbung.de\/","name":"Hauer-Werbung","description":"Werbung vom Fischland","publisher":{"@id":"https:\/\/www.hauer-werbung.de\/#organization"},"potentialAction":[{"@type":"SearchAction","target":{"@type":"EntryPoint","urlTemplate":"https:\/\/www.hauer-werbung.de\/?s={search_term_string}"},"query-input":{"@type":"PropertyValueSpecification","valueRequired":true,"valueName":"search_term_string"}}],"inLanguage":"de"},{"@type":"Organization","@id":"https:\/\/www.hauer-werbung.de\/#organization","name":"Hauer-Werbung","url":"https:\/\/www.hauer-werbung.de\/","logo":{"@type":"ImageObject","inLanguage":"de","@id":"https:\/\/www.hauer-werbung.de\/#\/schema\/logo\/image\/","url":"https:\/\/www.hauer-werbung.de\/wp-content\/uploads\/2017\/01\/hauer-logo-farb.gif","contentUrl":"https:\/\/www.hauer-werbung.de\/wp-content\/uploads\/2017\/01\/hauer-logo-farb.gif","width":1000,"height":285,"caption":"Hauer-Werbung"},"image":{"@id":"https:\/\/www.hauer-werbung.de\/#\/schema\/logo\/image\/"}}]}},"_links":{"self":[{"href":"https:\/\/www.hauer-werbung.de\/index.php\/wp-json\/wp\/v2\/pages\/33","targetHints":{"allow":["GET"]}}],"collection":[{"href":"https:\/\/www.hauer-werbung.de\/index.php\/wp-json\/wp\/v2\/pages"}],"about":[{"href":"https:\/\/www.hauer-werbung.de\/index.php\/wp-json\/wp\/v2\/types\/page"}],"author":[{"embeddable":true,"href":"https:\/\/www.hauer-werbung.de\/index.php\/wp-json\/wp\/v2\/users\/1"}],"replies":[{"embeddable":true,"href":"https:\/\/www.hauer-werbung.de\/index.php\/wp-json\/wp\/v2\/comments?post=33"}],"version-history":[{"count":10,"href":"https:\/\/www.hauer-werbung.de\/index.php\/wp-json\/wp\/v2\/pages\/33\/revisions"}],"predecessor-version":[{"id":372,"href":"https:\/\/www.hauer-werbung.de\/index.php\/wp-json\/wp\/v2\/pages\/33\/revisions\/372"}],"wp:attachment":[{"href":"https:\/\/www.hauer-werbung.de\/index.php\/wp-json\/wp\/v2\/media?parent=33"}],"curies":[{"name":"wp","href":"https:\/\/api.w.org\/{rel}","templated":true}]}}